{"id":6,"date":"2008-06-06T18:32:38","date_gmt":"2008-06-06T22:32:38","guid":{"rendered":"http:\/\/balado-montreal.espaceweb.usherbrooke.ca\/?page_id=6"},"modified":"2008-06-19T18:15:14","modified_gmt":"2008-06-19T22:15:14","slug":"la-baladodiffusion","status":"publish","type":"page","link":"https:\/\/balado-montreal.espaceweb.usherbrooke.ca\/?page_id=6","title":{"rendered":"Baladodiffusion ?"},"content":{"rendered":"<h2><strong>Qu&rsquo;est-ce que c&rsquo;est ?<\/strong><\/h2>\n<p>La baladodiffusion (<em>podcasting<\/em>) est un mode de diffusion qui permet aux internautes de recevoir automatiquement sur leur ordinateur, via un abonnement, des fichiers audio MP3. Ces fichiers peuvent ensuite \u00eatre \u00e9cout\u00e9es sur l&rsquo;ordinateur ou transf\u00e9r\u00e9es directement sur un baladeur num\u00e9rique.<\/p>\n<p>Pour ce faire, il faut avoir un logiciel agr\u00e9gateur sp\u00e9cialis\u00e9 tel <a href=\"http:\/\/www.apple.com\/chfr\/itunes\/download\/\">iTunes<\/a> ou <a href=\"http:\/\/juicereceiver.sourceforge.net\/\">Juice<\/a> (t\u00e9l\u00e9chargeables gratuitement).<\/p>\n<p>\u00c0 chaque d\u00e9marrage de l&rsquo;agr\u00e9gateur, celui-ci v\u00e9rifie s\u2019il y a eu du changement depuis la derni\u00e8re utilisation. Si de nouveaux fichiers audios sont disponibles, l&rsquo;agr\u00e9gateur les t\u00e9l\u00e9charge automatiquement.<\/p>\n<h2><strong>Comment s&rsquo;abonner ?<\/strong><\/h2>\n<p> Pour s\u2019abonner, il faut fournir \u00e0 l&rsquo;agr\u00e9gateur l\u2019adresse du balado en copiant le lien suivant: <br \/><a href=\"https:\/\/balado-montreal.espaceweb.usherbrooke.ca\/balado.xml\"> https:\/\/balado-montreal.espaceweb.usherbrooke.ca\/balado.xml <\/a><\/p>\n<p>Cette adresse s&rsquo;obtient aussi en cliquant sur l&rsquo;ic\u00f4ne <img decoding=\"async\" src=\"https:\/\/balado-montreal.espaceweb.usherbrooke.ca\/images\/podcastOver.jpg\" alt=\"icone podacst\" \/> (situ\u00e9 sous le menu \u00e0 droite) avec le bouton droit de la souris, par l&rsquo;option \u00abCopier le raccourci\u00bb ou \u00abCopier l&rsquo;adresse du lien\u00bb.<\/p>\n<p>Vous devez ensuite coller l&rsquo;adresse \u00e0 l&rsquo;endroit pr\u00e9vu par votre agr\u00e9gateur.<\/p>\n<ul class=\"listePage\">\n<li class=\"liste\"><u>Pour <em>iTunes<\/em><\/u>: dans le menu \u00abavanc\u00e9\u00bb, choisissez l&rsquo;option \u00abs&rsquo;abonner au podcast\u00bb. Coller le lien dans la bo\u00eete.<\/li>\n<li><u>Pour <em>Juice<\/em><\/u>:  allez dans l&rsquo;onglet \u00absubscription\u00bb, cliquez sur le bouton \u00abadd a new feed\u00bb (un + jaune dans un rond vert).<\/li>\n<\/ul>\n<h2><strong>Qu\u2019est-ce qu\u2019un balado (<em>podcast<\/em>) ?<\/strong><\/h2>\n<p>C\u2019est un fichier en format XML, aussi appel\u00e9 fil RSS, contenant l\u2019information n\u00e9cessaire \u00e0 la r\u00e9ception d\u2019enregistrements audio par baladodiffusion.<\/p>\n<h2><strong>Dois-je avoir un <em>iPod<\/em> comme lecteur num\u00e9rique ?<\/strong><\/h2>\n<p>Tous les baladeurs num\u00e9riques peuvent lire et recevoir des fichiers mp3 re\u00e7us par baladodiffusion. Par contre, l&rsquo;agr\u00e9gateur <em>iTunes<\/em> ne peut transf\u00e9rer de fichiers audio que sur les produits <em>iPod<\/em> d&rsquo;<em>Apple<\/em>. Par cons\u00e9quent, vous devez choisir avec pr\u00e9caution votre agr\u00e9ateur avant de vous abonner.<\/p>\n","protected":false},"excerpt":{"rendered":"<p>Qu&rsquo;est-ce que c&rsquo;est ? La baladodiffusion (podcasting) est un mode de diffusion qui permet aux internautes de recevoir automatiquement sur leur ordinateur, via un abonnement, des fichiers audio MP3. Ces fichiers peuvent ensuite \u00eatre \u00e9cout\u00e9es sur l&rsquo;ordinateur ou transf\u00e9r\u00e9es directement sur un baladeur num\u00e9rique. Pour ce faire, il faut avoir un logiciel agr\u00e9gateur sp\u00e9cialis\u00e9 tel [&hellip;]<\/p>\n","protected":false},"author":3,"featured_media":0,"parent":0,"menu_order":0,"comment_status":"open","ping_status":"closed","template":"","meta":{"footnotes":""},"class_list":["post-6","page","type-page","status-publish","hentry"],"_links":{"self":[{"href":"https:\/\/balado-montreal.espaceweb.usherbrooke.ca\/index.php?rest_route=\/wp\/v2\/pages\/6","targetHints":{"allow":["GET"]}}],"collection":[{"href":"https:\/\/balado-montreal.espaceweb.usherbrooke.ca\/index.php?rest_route=\/wp\/v2\/pages"}],"about":[{"href":"https:\/\/balado-montreal.espaceweb.usherbrooke.ca\/index.php?rest_route=\/wp\/v2\/types\/page"}],"author":[{"embeddable":true,"href":"https:\/\/balado-montreal.espaceweb.usherbrooke.ca\/index.php?rest_route=\/wp\/v2\/users\/3"}],"replies":[{"embeddable":true,"href":"https:\/\/balado-montreal.espaceweb.usherbrooke.ca\/index.php?rest_route=%2Fwp%2Fv2%2Fcomments&post=6"}],"version-history":[{"count":0,"href":"https:\/\/balado-montreal.espaceweb.usherbrooke.ca\/index.php?rest_route=\/wp\/v2\/pages\/6\/revisions"}],"wp:attachment":[{"href":"https:\/\/balado-montreal.espaceweb.usherbrooke.ca\/index.php?rest_route=%2Fwp%2Fv2%2Fmedia&parent=6"}],"curies":[{"name":"wp","href":"https:\/\/api.w.org\/{rel}","templated":true}]}}