{"id":4,"date":"2008-06-06T18:18:49","date_gmt":"2008-06-06T22:18:49","guid":{"rendered":"http:\/\/balado-montreal.espaceweb.usherbrooke.ca\/?page_id=4"},"modified":"2008-06-19T17:02:47","modified_gmt":"2008-06-19T21:02:47","slug":"credits","status":"publish","type":"page","link":"https:\/\/balado-montreal.espaceweb.usherbrooke.ca\/?page_id=4","title":{"rendered":"Cr\u00e9dits"},"content":{"rendered":"<h2>Images<\/h2>\n<p>Toutes les photos de ce site proviennent du <a class=\"txt\" href=\"http:\/\/www.vieux.montreal.qc.ca\/\">site officiel du Vieux-Montr\u00e9al<\/a> et sont utilis\u00e9es avec la permission du photographe Denis Tremblay.<\/p>\n<h2>Audio<\/h2>\n<p>Voix: Laurence Solar-Pelletier<\/p>\n<p>La musique provient du site <a href=\"http:\/\/www.soundsnap.com\/\">Soundsnap<\/a><\/p>\n<h2>Droits d&rsquo;auteurs<\/h2>\n<p><a rel=\"license\" href=\"http:\/\/creativecommons.org\/licenses\/by-nc-nd\/2.5\/ca\/\"><img decoding=\"async\" style=\"border-width:0\" src=\"http:\/\/i.creativecommons.org\/l\/by-nc-nd\/2.5\/ca\/88x31.png\" alt=\"Creative Commons License\" \/><\/a><\/p>\n<p>Vous \u00eates libres de reproduire, distribuer et communiquer le contenu de ce site (exception des photos) au public selon les conditions suivantes :<\/p>\n<ul class=\"page\">\n<li class=\"liste\"><u>Paternit\u00e9<\/u>: Vous devez citer le nom de l&rsquo;auteur original de la mani\u00e8re indiqu\u00e9e par l&rsquo;auteur de l&rsquo;oeuvre ou le titulaire des droits qui vous conf\u00e8re cette autorisation (mais pas d&rsquo;une mani\u00e8re qui sugg\u00e9rerait qu&rsquo;ils vous soutiennent ou approuvent votre utilisation de l&rsquo;oeuvre).<\/li>\n<li class=\"liste\"><u>Pas d&rsquo;Utilisation Commerciale<\/u>: Vous n&rsquo;avez pas le droit d&rsquo;utiliser cette cr\u00e9ation \u00e0 des fins commerciales.<\/li>\n<li class=\"liste\"><u>Pas de Modification<\/u>: Vous n&rsquo;avez pas le droit de modifier, de transformer ou d&rsquo;adapter cette cr\u00e9ation.<\/li>\n<\/ul>\n","protected":false},"excerpt":{"rendered":"<p>Images Toutes les photos de ce site proviennent du site officiel du Vieux-Montr\u00e9al et sont utilis\u00e9es avec la permission du photographe Denis Tremblay. Audio Voix: Laurence Solar-Pelletier La musique provient du site Soundsnap Droits d&rsquo;auteurs Vous \u00eates libres de reproduire, distribuer et communiquer le contenu de ce site (exception des photos) au public selon les [&hellip;]<\/p>\n","protected":false},"author":3,"featured_media":0,"parent":0,"menu_order":0,"comment_status":"open","ping_status":"closed","template":"","meta":{"footnotes":""},"class_list":["post-4","page","type-page","status-publish","hentry"],"_links":{"self":[{"href":"https:\/\/balado-montreal.espaceweb.usherbrooke.ca\/index.php?rest_route=\/wp\/v2\/pages\/4","targetHints":{"allow":["GET"]}}],"collection":[{"href":"https:\/\/balado-montreal.espaceweb.usherbrooke.ca\/index.php?rest_route=\/wp\/v2\/pages"}],"about":[{"href":"https:\/\/balado-montreal.espaceweb.usherbrooke.ca\/index.php?rest_route=\/wp\/v2\/types\/page"}],"author":[{"embeddable":true,"href":"https:\/\/balado-montreal.espaceweb.usherbrooke.ca\/index.php?rest_route=\/wp\/v2\/users\/3"}],"replies":[{"embeddable":true,"href":"https:\/\/balado-montreal.espaceweb.usherbrooke.ca\/index.php?rest_route=%2Fwp%2Fv2%2Fcomments&post=4"}],"version-history":[{"count":0,"href":"https:\/\/balado-montreal.espaceweb.usherbrooke.ca\/index.php?rest_route=\/wp\/v2\/pages\/4\/revisions"}],"wp:attachment":[{"href":"https:\/\/balado-montreal.espaceweb.usherbrooke.ca\/index.php?rest_route=%2Fwp%2Fv2%2Fmedia&parent=4"}],"curies":[{"name":"wp","href":"https:\/\/api.w.org\/{rel}","templated":true}]}}